{"id":242,"date":"2020-08-19T17:28:46","date_gmt":"2020-08-19T20:28:46","guid":{"rendered":"http:\/\/morumbicasaeconstrucao.com.br\/?page_id=242"},"modified":"2020-09-15T20:49:33","modified_gmt":"2020-09-15T23:49:33","slug":"empresa","status":"publish","type":"page","link":"https:\/\/morumbicasaeconstrucao.com.br\/?page_id=242","title":{"rendered":"Empresa"},"content":{"rendered":"<div id=\"pl-242\"  class=\"panel-layout\" ><div id=\"pg-242-0\"  class=\"panel-grid panel-no-style\" ><div id=\"pgc-242-0-0\"  class=\"panel-grid-cell\" ><div id=\"panel-242-0-0-0\" class=\"so-panel widget widget_sow-editor panel-first-child panel-last-child\" data-index=\"0\" ><div class=\"so-widget-sow-editor so-widget-sow-editor-base\">\n<div class=\"siteorigin-widget-tinymce textwidget\">\n\t<p>O <strong>Morumbi Casa &amp; Constru\u00e7\u00e3o<\/strong> \u00e9 um grupo de 4 lojas estabelecidas em Atibaia, tendo como objetivo atender da melhor forma poss\u00edvel nossos clientes, marcando tradi\u00e7\u00e3o pela excel\u00eancia de seus produtos e qualidade no atendimento, investindo sempre para que possamos garantir um atendimento r\u00e1pido, personalizado que os nossos clientes merecem.<\/p>\n<p>Aqui voc\u00ea encontra os melhores produtos da regi\u00e3o, com os melhores pre\u00e7os em materiais para constru\u00e7\u00e3o e condi\u00e7\u00f5es de pagamento e entrega, tudo para dar a comodidade para quem busca produtos de qualidade, sem abrir m\u00e3o da economia.<\/p>\n<p>Trabalhamos com materiais para constru\u00e7\u00e3o e acabamento, al\u00e9m de produtos para lazer, jardim e automa\u00e7\u00e3o. Temos tudo para sua constru\u00e7\u00e3o ou reforma. Entre em contato conosco e solicite um or\u00e7amento sem compromisso. Venha nos conhecer em uma e nossas unidades, estamos pronto para atende-los.<\/p>\n<\/div>\n<\/div><\/div><\/div><\/div><\/div>","protected":false},"excerpt":{"rendered":"<p>O Morumbi Casa &amp; Constru\u00e7\u00e3o \u00e9 um grupo de 4 lojas estabelecidas em Atibaia, tendo como objetivo atender da melhor forma poss\u00edvel nossos clientes, marcando tradi\u00e7\u00e3o pela excel\u00eancia de seus produtos e qualidade no atendimento, investindo sempre para que possamos garantir um atendimento r\u00e1pido, personalizado que os nossos clientes merecem. Aqui voc\u00ea encontra os melhores [&hellip;]<\/p>\n","protected":false},"author":1,"featured_media":0,"parent":0,"menu_order":0,"comment_status":"closed","ping_status":"closed","template":"","meta":{"footnotes":""},"_links":{"self":[{"href":"https:\/\/morumbicasaeconstrucao.com.br\/index.php?rest_route=\/wp\/v2\/pages\/242"}],"collection":[{"href":"https:\/\/morumbicasaeconstrucao.com.br\/index.php?rest_route=\/wp\/v2\/pages"}],"about":[{"href":"https:\/\/morumbicasaeconstrucao.com.br\/index.php?rest_route=\/wp\/v2\/types\/page"}],"author":[{"embeddable":true,"href":"https:\/\/morumbicasaeconstrucao.com.br\/index.php?rest_route=\/wp\/v2\/users\/1"}],"replies":[{"embeddable":true,"href":"https:\/\/morumbicasaeconstrucao.com.br\/index.php?rest_route=%2Fwp%2Fv2%2Fcomments&post=242"}],"version-history":[{"count":15,"href":"https:\/\/morumbicasaeconstrucao.com.br\/index.php?rest_route=\/wp\/v2\/pages\/242\/revisions"}],"predecessor-version":[{"id":308,"href":"https:\/\/morumbicasaeconstrucao.com.br\/index.php?rest_route=\/wp\/v2\/pages\/242\/revisions\/308"}],"wp:attachment":[{"href":"https:\/\/morumbicasaeconstrucao.com.br\/index.php?rest_route=%2Fwp%2Fv2%2Fmedia&parent=242"}],"curies":[{"name":"wp","href":"https:\/\/api.w.org\/{rel}","templated":true}]}}