{"id":21,"date":"2019-02-21T13:08:10","date_gmt":"2019-02-21T16:08:10","guid":{"rendered":"http:\/\/morumbicasaeconstrucao.com.br\/site\/?page_id=21"},"modified":"2024-03-17T20:06:44","modified_gmt":"2024-03-17T23:06:44","slug":"pagina-inicial","status":"publish","type":"page","link":"https:\/\/morumbicasaeconstrucao.com.br\/","title":{"rendered":"P\u00e1gina Inicial"},"content":{"rendered":"<div id=\"pl-21\"  class=\"panel-layout\" ><div id=\"pg-21-0\"  class=\"panel-grid panel-has-style\" ><div class=\"panel-row-style panel-row-style-for-21-0\" ><div id=\"pgc-21-0-0\"  class=\"panel-grid-cell\" ><div id=\"panel-21-0-0-0\" class=\"so-panel widget widget_circleicon-widget panel-first-child panel-last-child\" data-index=\"0\" >\t\t<div class=\"circle-icon-box circle-icon-position-top circle-icon-hide-box circle-icon-size-small \">\n\t\t\t\t\t\t\t<div class=\"circle-icon-wrapper\">\n\t\t\t\t\t\t\t\t\t\t<div class=\"circle-icon\" >\n\t\t\t\t\t\t<div class=\"fa fa-home\" ><\/div>\t\t\t\t\t<\/div>\n\t\t\t\t\t\t\t\t\t<\/div>\n\t\t\t\n\t\t\t\t\t\t<h4 >Perto de voc\u00ea!<\/h4>\t\t\t\n\t\t\t<p class=\"text\" >Temos 4 lojas em Atibaia, uma perto de voc\u00ea, com profissionais capacitados. Venha nos conhecer!<\/p>\t\t\t\t\t<\/div>\n\t\t<\/div><\/div><div id=\"pgc-21-0-1\"  class=\"panel-grid-cell\" ><div id=\"panel-21-0-1-0\" class=\"so-panel widget widget_circleicon-widget panel-first-child panel-last-child\" data-index=\"1\" >\t\t<div class=\"circle-icon-box circle-icon-position-top circle-icon-hide-box circle-icon-size-small \">\n\t\t\t\t\t\t\t<div class=\"circle-icon-wrapper\">\n\t\t\t\t\t\t\t\t\t\t<div class=\"circle-icon\" >\n\t\t\t\t\t\t<div class=\"fa fa-check\" ><\/div>\t\t\t\t\t<\/div>\n\t\t\t\t\t\t\t\t\t<\/div>\n\t\t\t\n\t\t\t\t\t\t<h4 >Variedade<\/h4>\t\t\t\n\t\t\t<p class=\"text\" >Temos milhares de produtos para sua constru\u00e7\u00e3o, reforma, acabamento e at\u00e9 para decora\u00e7\u00e3o da sua casa ou empresa.<\/p>\t\t\t\t\t<\/div>\n\t\t<\/div><\/div><div id=\"pgc-21-0-2\"  class=\"panel-grid-cell\" ><div id=\"panel-21-0-2-0\" class=\"so-panel widget widget_circleicon-widget panel-first-child panel-last-child\" data-index=\"2\" >\t\t<div class=\"circle-icon-box circle-icon-position-top circle-icon-hide-box circle-icon-size-small \">\n\t\t\t\t\t\t\t<div class=\"circle-icon-wrapper\">\n\t\t\t\t\t\t\t\t\t\t<div class=\"circle-icon\" >\n\t\t\t\t\t\t<div class=\"fa fa-money\" ><\/div>\t\t\t\t\t<\/div>\n\t\t\t\t\t\t\t\t\t<\/div>\n\t\t\t\n\t\t\t\t\t\t<h4 >Facilidade<\/h4>\t\t\t\n\t\t\t<p class=\"text\" >Temos v\u00e1rias formas de pagamento e parcelamento, tudo para facilitar a realiza\u00e7\u00e3o de seu sonho!<\/p>\t\t\t\t\t<\/div>\n\t\t<\/div><\/div><\/div><\/div><div id=\"pg-21-1\"  class=\"panel-grid panel-no-style\" ><div id=\"pgc-21-1-0\"  class=\"panel-grid-cell\" ><div id=\"panel-21-1-0-0\" class=\"so-panel widget widget_sow-social-media-buttons panel-first-child panel-last-child\" data-index=\"3\" ><div class=\"so-widget-sow-social-media-buttons so-widget-sow-social-media-buttons-flat-a2bbf6f90b28\">\r\n<div class=\"social-media-button-container\">\r\n\t\r\n\t\t<a class=\"ow-button-hover sow-social-media-button-instagram sow-social-media-button\" title=\"Morumbi Casa &amp; Constru\u00e7\u00e3o | Atibaia em Instagram\" aria-label=\"Morumbi Casa &amp; Constru\u00e7\u00e3o | Atibaia em Instagram\" target=\"_blank\" rel=\"noopener noreferrer\" href=\"https:\/\/instagram.com\/morumbi_cc\" >\r\n\t\t\t<span>\r\n\t\t\t\t\t\t\t\t<span class=\"sow-icon-fontawesome sow-fab\" data-sow-icon=\"&#xf16d;\" ><\/span>\t\t\t\t\t\t\t<\/span>\r\n\t\t<\/a>\r\n\t\r\n\t\t<a class=\"ow-button-hover sow-social-media-button-facebook sow-social-media-button\" title=\"Morumbi Casa &amp; Constru\u00e7\u00e3o | Atibaia em Facebook\" aria-label=\"Morumbi Casa &amp; Constru\u00e7\u00e3o | Atibaia em Facebook\" target=\"_blank\" rel=\"noopener noreferrer\" href=\"https:\/\/www.facebook.com\/profile.php?id=100063556691325\" >\r\n\t\t\t<span>\r\n\t\t\t\t\t\t\t\t<span class=\"sow-icon-fontawesome sow-fab\" data-sow-icon=\"&#xf39e;\" ><\/span>\t\t\t\t\t\t\t<\/span>\r\n\t\t<\/a>\r\n\t<\/div>\r\n<\/div><\/div><\/div><\/div><\/div>","protected":false},"excerpt":{"rendered":"<p>Perto de voc\u00ea! Temos 4 lojas em Atibaia, uma perto de voc\u00ea, com profissionais capacitados. Venha nos conhecer! Variedade Temos milhares de produtos para sua constru\u00e7\u00e3o, reforma, acabamento e at\u00e9 para decora\u00e7\u00e3o da sua casa ou empresa. Facilidade Temos v\u00e1rias formas de pagamento e parcelamento, tudo para facilitar a realiza\u00e7\u00e3o de seu sonho!<\/p>\n","protected":false},"author":1,"featured_media":0,"parent":0,"menu_order":0,"comment_status":"closed","ping_status":"closed","template":"home-panels.php","meta":{"footnotes":""},"_links":{"self":[{"href":"https:\/\/morumbicasaeconstrucao.com.br\/index.php?rest_route=\/wp\/v2\/pages\/21"}],"collection":[{"href":"https:\/\/morumbicasaeconstrucao.com.br\/index.php?rest_route=\/wp\/v2\/pages"}],"about":[{"href":"https:\/\/morumbicasaeconstrucao.com.br\/index.php?rest_route=\/wp\/v2\/types\/page"}],"author":[{"embeddable":true,"href":"https:\/\/morumbicasaeconstrucao.com.br\/index.php?rest_route=\/wp\/v2\/users\/1"}],"replies":[{"embeddable":true,"href":"https:\/\/morumbicasaeconstrucao.com.br\/index.php?rest_route=%2Fwp%2Fv2%2Fcomments&post=21"}],"version-history":[{"count":1,"href":"https:\/\/morumbicasaeconstrucao.com.br\/index.php?rest_route=\/wp\/v2\/pages\/21\/revisions"}],"predecessor-version":[{"id":22,"href":"https:\/\/morumbicasaeconstrucao.com.br\/index.php?rest_route=\/wp\/v2\/pages\/21\/revisions\/22"}],"wp:attachment":[{"href":"https:\/\/morumbicasaeconstrucao.com.br\/index.php?rest_route=%2Fwp%2Fv2%2Fmedia&parent=21"}],"curies":[{"name":"wp","href":"https:\/\/api.w.org\/{rel}","templated":true}]}}